{"id":227,"date":"2018-06-08T09:15:34","date_gmt":"2018-06-08T09:15:34","guid":{"rendered":"https:\/\/lasignaturegroup.com\/?page_id=227"},"modified":"2020-04-16T18:41:09","modified_gmt":"2020-04-16T18:41:09","slug":"service","status":"publish","type":"page","link":"https:\/\/lasignaturegroup.com\/en\/service\/","title":{"rendered":"Les diff\u00e9rentes structures"},"content":{"rendered":"<p><section class=\"fw-main-row  section_69f5453f69afe\"  >\n\t\t<div class=\"fw-container\">\n\t\t<div class=\"fw-row\">\n\t<style>\n\t\t\t\t\t.fw-container-fluid .column_69f5453f69d52, .column_69f5453f69d52{background-position: ;} \n\t\t\t<\/style><div class=\"fw-col-xs-12  column_69f5453f69d52\">\n\t\n\t<div class=\"fw-divider-space\" style=\"padding-top: 1px;\"><\/div>\n<\/div>\n<\/div>\n\n<div class=\"fw-row\">\n\t<style>\n\t\t\t\t\t.fw-container-fluid .column_69f5453f69ff3, .column_69f5453f69ff3{background-position: ;} \n\t\t\t<\/style><div class=\"fw-col-xs-12  column_69f5453f69ff3\">\n\t\n\t\t<div class=\"vt_main_heading vt_main_heading2 text-center\">\n\t\t\t\t<h3 class=\"vt_heading\" style=\"color:#a60f0f;text-transform:uppercase;\">\n\t\t\t\t\t<span>The<\/span>\n\t\t\tdifferent structures \t\t\t\t<\/h3>\n\t\t\t\t<\/div>\n<\/div>\n<\/div>\n\n<div class=\"fw-row\">\n\t<style>\n\t\t\t\t\t.fw-container-fluid .column_69f5453f6a2a4, .column_69f5453f6a2a4{background-position: ;} \n\t\t\t<\/style><div class=\"fw-col-xs-12  column_69f5453f6a2a4\">\n\t\n\t<div class=\"fw-divider-space\" style=\"padding-top: 20px;\"><\/div>\n<\/div>\n<\/div>\n\n<div class=\"fw-row\">\n\t<style>\n\t\t\t\t\t.fw-container-fluid .column_69f5453f6a4ee, .column_69f5453f6a4ee{background-repeat: repeat;background-position: center center;background-size: auto;} \n\t\t\t<\/style><div class=\"fw-col-xs-12 fw-col-sm-6 text-left column_69f5453f6a4ee\">\n\t<div class=\"vts_service_wrapper service_style8\">\n\t<div class=\"vts_service_icon\">\n\t\t\t\t\t<img decoding=\"async\" src=\"\/\/lasignaturegroup.com\/wp-content\/uploads\/2020\/04\/LSI.png\" alt=\"\" \/>\n\t\t\t<\/div>\n\t<div class=\"vts_service_detail\">\n\t\t<div class=\"vts_service_title\">\n\t\t\t<h3>LA SIGNATURE IMMOBILIERE LSI <\/h3>\n\t\t<\/div>\n\t\t<div class=\"vts_service_description\">\n\t\t\t<p><img loading=\"lazy\" decoding=\"async\" class=\"alignnone size-full wp-image-539\" src=\"https:\/\/lasignaturegroup.com\/wp-content\/uploads\/2020\/04\/la-signature-immobili\u00e8re-LSI.png\" alt=\"\" width=\"675\" height=\"450\">\n<br><br>\nOur real estate agencies based in Senegal, Guinea, Cameroon deal with the marketing of real estate programs, transactions (land, villas, apartments) and real estate services.<br>\n<a class=\"fasc-button fasc-size-medium fasc-type-popout fasc-ico-before dashicons-admin-site\" style=\"background-color: #a60f0f; color: #ffffff;\" href=\"https:\/\/lsi-immo.com\/\">Go to the site<\/a><\/p>\n\t\t<\/div>\n\t<\/div>\n<\/div><\/div>\n<style>\n\t\t\t\t\t.fw-container-fluid .column_69f5453f6a696, .column_69f5453f6a696{background-repeat: repeat;background-position: center center;background-size: auto;} \n\t\t\t<\/style><div class=\"fw-col-xs-12 fw-col-sm-6 text-left column_69f5453f6a696\">\n\t<div class=\"vts_service_wrapper service_style8\">\n\t<div class=\"vts_service_icon\">\n\t\t\t\t\t<img decoding=\"async\" src=\"\/\/lasignaturegroup.com\/wp-content\/uploads\/2020\/04\/logoicone.png\" alt=\"\" \/>\n\t\t\t<\/div>\n\t<div class=\"vts_service_detail\">\n\t\t<div class=\"vts_service_title\">\n\t\t\t<h3>LA SIGNATURE PRESTIGE<\/h3>\n\t\t<\/div>\n\t\t<div class=\"vts_service_description\">\n\t\t\t<p><img loading=\"lazy\" decoding=\"async\" class=\"alignnone size-full wp-image-538\" src=\"https:\/\/lasignaturegroup.com\/wp-content\/uploads\/2020\/04\/la-signature-prestige-1.png\" alt=\"\" width=\"675\" height=\"450\">\n<br><br>\nOur Prestige sector has embarked on the development of luxury real estate projects in Africa and responds to recurring requests from clients for specific research and development ...  <br>\n<a class=\"fasc-button fasc-size-medium fasc-type-popout fasc-ico-before dashicons-admin-site\" style=\"background-color: #a60f0f; color: #ffffff;\" href=\"https:\/\/lasignatureprestige.com\/\">Go to the site<\/a><\/p>\n\t\t<\/div>\n\t<\/div>\n<\/div><\/div>\n<\/div>\n\n<div class=\"fw-row\">\n\t<style>\n\t\t\t\t\t.fw-container-fluid .column_69f5453f6a868, .column_69f5453f6a868{background-position: ;} \n\t\t\t<\/style><div class=\"fw-col-xs-12  column_69f5453f6a868\">\n\t\n\t<div class=\"fw-divider-space\" style=\"padding-top: 10px;\"><\/div>\n<\/div>\n<\/div>\n\n\t<\/div>\n<\/section>\n<style>\n\t\t\t\t\t.section_69f5453f69afe{background-repeat: repeat;background-position: center center;background-size: auto;padding-top: 30px;padding-bottom: 40px;}.section_69f5453f69afe .mt_section_overlay{}<\/style><section class=\"fw-main-row  section_69f5453f6aa9e\"  >\n\t\t<div class=\"fw-container\">\n\t\t<div class=\"fw-row\">\n\t<style>\n\t\t\t\t\t.fw-container-fluid .column_69f5453f6ac6a, .column_69f5453f6ac6a{background-position: ;} \n\t\t\t<\/style><div class=\"fw-col-xs-12 fw-col-sm-4  column_69f5453f6ac6a\">\n\t<div class=\"vts_service_wrapper service_style8\">\n\t<div class=\"vts_service_icon\">\n\t\t\t\t\t<i class=\"fa fa-envira\"><\/i>\n\t\t\t<\/div>\n\t<div class=\"vts_service_detail\">\n\t\t<div class=\"vts_service_title\">\n\t\t\t<h3>LA SIGNATURE  AGRO<\/h3>\n\t\t<\/div>\n\t\t<div class=\"vts_service_description\">\n\t\t\t<p><img loading=\"lazy\" decoding=\"async\" class=\"alignnone size-full wp-image-539\" src=\"https:\/\/lasignaturegroup.com\/wp-content\/uploads\/2020\/04\/La-signature-agro.png\" alt=\"\" width=\"675\" height=\"450\">\n<br><br>\nThe doubling of Africa's population by 2050 presents us with the challenge of developing agricultural projects to meet an ever-growing need.\n<\/p>\n\t\t<\/div>\n\t<\/div>\n<\/div><\/div>\n<style>\n\t\t\t\t\t.fw-container-fluid .column_69f5453f6ada9, .column_69f5453f6ada9{background-position: ;} \n\t\t\t<\/style><div class=\"fw-col-xs-12 fw-col-sm-4  column_69f5453f6ada9\">\n\t<div class=\"vts_service_wrapper service_style8\">\n\t<div class=\"vts_service_icon\">\n\t\t\t\t\t<i class=\"fa fa-flag-checkered\"><\/i>\n\t\t\t<\/div>\n\t<div class=\"vts_service_detail\">\n\t\t<div class=\"vts_service_title\">\n\t\t\t<h3>LA SIGNATURE EVENTS <\/h3>\n\t\t<\/div>\n\t\t<div class=\"vts_service_description\">\n\t\t\t<p><img loading=\"lazy\" decoding=\"async\" class=\"alignnone size-full wp-image-539\" src=\"https:\/\/lasignaturegroup.com\/wp-content\/uploads\/2020\/04\/La-Signature-Event-Salon-Immo2.png\" alt=\"\" width=\"675\" height=\"450\">\n<br><br>\nIt is the organization of real estate shows and B to B and B to C events that is an essential part of the group that allows us to bring together all the players in the real estate industry ...\n<\/p>\n\t\t<\/div>\n\t<\/div>\n<\/div><\/div>\n<style>\n\t\t\t\t\t.fw-container-fluid .column_69f5453f6aee3, .column_69f5453f6aee3{background-position: ;} \n\t\t\t<\/style><div class=\"fw-col-xs-12 fw-col-sm-4  column_69f5453f6aee3\">\n\t<div class=\"vts_service_wrapper service_style8\">\n\t<div class=\"vts_service_icon\">\n\t\t\t\t\t<i class=\"fa fa-briefcase\"><\/i>\n\t\t\t<\/div>\n\t<div class=\"vts_service_detail\">\n\t\t<div class=\"vts_service_title\">\n\t\t\t<h3>LA SIGNATURE  CONSEILS<\/h3>\n\t\t<\/div>\n\t\t<div class=\"vts_service_description\">\n\t\t\t<p><img loading=\"lazy\" decoding=\"async\" class=\"alignnone size-full wp-image-539\" src=\"https:\/\/lasignaturegroup.com\/wp-content\/uploads\/2020\/04\/La-signature-Conseils.png\" alt=\"\" width=\"675\" height=\"450\">\n<br><br>\nSignature Conseils is a company headquartered in France with physical offices based in Ile de France. \nWe welcome clients, collaborators and partners... \n<\/p>\n\t\t<\/div>\n\t<\/div>\n<\/div><\/div>\n<\/div>\n\n\t<\/div>\n<\/section>\n<style>\n\t\t\t\t\t.section_69f5453f6aa9e{background-repeat: repeat;background-position: center center;background-size: auto;padding-top: 30px;padding-bottom: 40px;}.section_69f5453f6aa9e .mt_section_overlay{}<\/style><\/p>","protected":false},"excerpt":{"rendered":"<p>Les diff\u00e9rentes structures LA SIGNATURE IMMOBILIERE LSI Nos agences immobili\u00e8res bas\u00e9es au S\u00e9n\u00e9gal, en Guin\u00e9e, au Cameroun s\u2019occupent de la commercialisation de programmes immobiliers, transaction (terrains, villas, appartements) et de [&hellip;]<\/p>","protected":false},"author":1,"featured_media":0,"parent":0,"menu_order":0,"comment_status":"closed","ping_status":"closed","template":"template-parts\/single-page-website.php","meta":{"footnotes":""},"class_list":["post-227","page","type-page","status-publish","hentry"],"_links":{"self":[{"href":"https:\/\/lasignaturegroup.com\/en\/wp-json\/wp\/v2\/pages\/227","targetHints":{"allow":["GET"]}}],"collection":[{"href":"https:\/\/lasignaturegroup.com\/en\/wp-json\/wp\/v2\/pages"}],"about":[{"href":"https:\/\/lasignaturegroup.com\/en\/wp-json\/wp\/v2\/types\/page"}],"author":[{"embeddable":true,"href":"https:\/\/lasignaturegroup.com\/en\/wp-json\/wp\/v2\/users\/1"}],"replies":[{"embeddable":true,"href":"https:\/\/lasignaturegroup.com\/en\/wp-json\/wp\/v2\/comments?post=227"}],"version-history":[{"count":144,"href":"https:\/\/lasignaturegroup.com\/en\/wp-json\/wp\/v2\/pages\/227\/revisions"}],"predecessor-version":[{"id":665,"href":"https:\/\/lasignaturegroup.com\/en\/wp-json\/wp\/v2\/pages\/227\/revisions\/665"}],"wp:attachment":[{"href":"https:\/\/lasignaturegroup.com\/en\/wp-json\/wp\/v2\/media?parent=227"}],"curies":[{"name":"wp","href":"https:\/\/api.w.org\/{rel}","templated":true}]}}